{"id":914,"date":"2025-01-15T12:28:11","date_gmt":"2025-01-15T12:28:11","guid":{"rendered":"https:\/\/sportnauticcharter.com\/?page_id=914"},"modified":"2026-01-23T12:24:50","modified_gmt":"2026-01-23T12:24:50","slug":"experiencias","status":"publish","type":"page","link":"https:\/\/sportnauticcharter.com\/en\/experiencias\/","title":{"rendered":"Experiences"},"content":{"rendered":"<div data-elementor-type=\"wp-page\" data-elementor-id=\"914\" class=\"elementor elementor-914\">\n\t\t\t\t<div class=\"elementor-element elementor-element-undefined-f7a089a e-flex e-con-boxed e-con e-parent\" data-id=\"undefined-f7a089a\" data-element_type=\"container\" data-settings=\"{&quot;background_background&quot;:&quot;classic&quot;}\">\n\t\t\t\t\t<div class=\"e-con-inner\">\n\t\t\t\t<div class=\"elementor-element elementor-element-73bc130 elementor-widget__width-initial elementor-widget elementor-widget-text-editor\" data-id=\"73bc130\" data-element_type=\"widget\" data-widget_type=\"text-editor.default\">\n\t\t\t\t<div class=\"elementor-widget-container\">\n\t\t\t\t\t\t\t\t\t<p style=\"font-weight: 400;\"><span style=\"color: #ffffff; font-size: 22pt;\"><strong><em>\"To the Sea: Enjoy Every Moment of the Day\"<\/em><\/strong><\/span><\/p>\t\t\t\t\t\t\t\t<\/div>\n\t\t\t\t<\/div>\n\t\t\t\t\t<\/div>\n\t\t\t\t<\/div>\n\t\t<div class=\"elementor-element elementor-element-e764778 e-flex e-con-boxed e-con e-parent\" data-id=\"e764778\" data-element_type=\"container\">\n\t\t\t\t\t<div class=\"e-con-inner\">\n\t\t<div class=\"elementor-element elementor-element-adcd752 e-con-full elementor-hidden-tablet elementor-hidden-mobile e-flex e-con e-child\" data-id=\"adcd752\" data-element_type=\"container\">\n\t\t\t\t<div class=\"elementor-element elementor-element-453ffce elementor-widget elementor-widget-heading\" data-id=\"453ffce\" data-element_type=\"widget\" data-widget_type=\"heading.default\">\n\t\t\t\t<div class=\"elementor-widget-container\">\n\t\t\t\t\t<h2 class=\"elementor-heading-title elementor-size-default\">WEEK EXPERIENCE<\/h2>\t\t\t\t<\/div>\n\t\t\t\t<\/div>\n\t\t<div class=\"elementor-element elementor-element-f808fcd e-grid e-con-full e-con e-child\" data-id=\"f808fcd\" data-element_type=\"container\">\n\t\t<div class=\"elementor-element elementor-element-726821d e-grid e-con-full e-con e-child\" data-id=\"726821d\" data-element_type=\"container\">\n\t\t\t\t<div class=\"elementor-element elementor-element-e2c1c91 elementor-widget elementor-widget-text-editor\" data-id=\"e2c1c91\" data-element_type=\"widget\" data-widget_type=\"text-editor.default\">\n\t\t\t\t<div class=\"elementor-widget-container\">\n\t\t\t\t\t\t\t\t\t<div><b>Discover Formentera and Ibiza in a dream week!<\/b><\/div><div>\u00a0<\/div><div><div><p class=\"p3\">Embard on a unique journey through the most emblematic islands of the Mediterranean. Explore the spectacular waters of Formentera, relax on its virgin beaches and feel the vibrant energy of Ibiza. Every day will be a perfect mix of adventure, spectacular landscapes and moments of tranquility on board. An experience that combines nature, comfort and the essence of the sea. \ud83c\udf05\u26f5<\/p><\/div><\/div>\t\t\t\t\t\t\t\t<\/div>\n\t\t\t\t<\/div>\n\t\t<div class=\"elementor-element elementor-element-15db59f e-grid e-con-full e-con e-child\" data-id=\"15db59f\" data-element_type=\"container\">\n\t\t\t\t<div class=\"elementor-element elementor-element-9b99888 elementor-view-default elementor-position-top elementor-mobile-position-top elementor-widget elementor-widget-icon-box\" data-id=\"9b99888\" data-element_type=\"widget\" data-widget_type=\"icon-box.default\">\n\t\t\t\t<div class=\"elementor-widget-container\">\n\t\t\t\t\t\t\t<div class=\"elementor-icon-box-wrapper\">\n\n\t\t\t\t\t\t<div class=\"elementor-icon-box-icon\">\n\t\t\t\t<span  class=\"elementor-icon\">\n\t\t\t\t<svg aria-hidden=\"true\" class=\"e-font-icon-svg e-fas-users\" viewbox=\"0 0 640 512\" xmlns=\"http:\/\/www.w3.org\/2000\/svg\"><path d=\"M96 224c35.3 0 64-28.7 64-64s-28.7-64-64-64-64 28.7-64 64 28.7 64 64 64zm448 0c35.3 0 64-28.7 64-64s-28.7-64-64-64-64 28.7-64 64 28.7 64 64 64zm32 32h-64c-17.6 0-33.5 7.1-45.1 18.6 40.3 22.1 68.9 62 75.1 109.4h66c17.7 0 32-14.3 32-32v-32c0-35.3-28.7-64-64-64zm-256 0c61.9 0 112-50.1 112-112S381.9 32 320 32 208 82.1 208 144s50.1 112 112 112zm76.8 32h-8.3c-20.8 10-43.9 16-68.5 16s-47.6-6-68.5-16h-8.3C179.6 288 128 339.6 128 403.2V432c0 26.5 21.5 48 48 48h288c26.5 0 48-21.5 48-48v-28.8c0-63.6-51.6-115.2-115.2-115.2zm-223.7-13.4C161.5 263.1 145.6 256 128 256H64c-35.3 0-64 28.7-64 64v32c0 17.7 14.3 32 32 32h65.9c6.3-47.4 34.9-87.3 75.2-109.4z\"><\/path><\/svg>\t\t\t\t<\/span>\n\t\t\t<\/div>\n\t\t\t\n\t\t\t\t\t\t<div class=\"elementor-icon-box-content\">\n\n\t\t\t\t\t\t\t\t\t<p class=\"elementor-icon-box-title\">\n\t\t\t\t\t\t<span  >\n\t\t\t\t\t\t\t12 people\t\t\t\t\t\t<\/span>\n\t\t\t\t\t<\/p>\n\t\t\t\t\n\t\t\t\t\n\t\t\t<\/div>\n\t\t\t\n\t\t<\/div>\n\t\t\t\t\t\t<\/div>\n\t\t\t\t<\/div>\n\t\t\t\t<div class=\"elementor-element elementor-element-0cbf8b5 elementor-view-default elementor-position-top elementor-mobile-position-top elementor-widget elementor-widget-icon-box\" data-id=\"0cbf8b5\" data-element_type=\"widget\" data-widget_type=\"icon-box.default\">\n\t\t\t\t<div class=\"elementor-widget-container\">\n\t\t\t\t\t\t\t<div class=\"elementor-icon-box-wrapper\">\n\n\t\t\t\t\t\t<div class=\"elementor-icon-box-icon\">\n\t\t\t\t<span  class=\"elementor-icon\">\n\t\t\t\t<svg aria-hidden=\"true\" class=\"e-font-icon-svg e-fas-dharmachakra\" viewbox=\"0 0 512 512\" xmlns=\"http:\/\/www.w3.org\/2000\/svg\"><path d=\"M495 225.06l-17.22 1.08c-5.27-39.49-20.79-75.64-43.86-105.84l12.95-11.43c6.92-6.11 7.25-16.79.73-23.31L426.44 64.4c-6.53-6.53-17.21-6.19-23.31.73L391.7 78.07c-30.2-23.06-66.35-38.58-105.83-43.86L286.94 17c.58-9.21-6.74-17-15.97-17h-29.94c-9.23 0-16.54 7.79-15.97 17l1.08 17.22c-39.49 5.27-75.64 20.79-105.83 43.86l-11.43-12.95c-6.11-6.92-16.79-7.25-23.31-.73L64.4 85.56c-6.53 6.53-6.19 17.21.73 23.31l12.95 11.43c-23.06 30.2-38.58 66.35-43.86 105.84L17 225.06c-9.21-.58-17 6.74-17 15.97v29.94c0 9.23 7.79 16.54 17 15.97l17.22-1.08c5.27 39.49 20.79 75.64 43.86 105.83l-12.95 11.43c-6.92 6.11-7.25 16.79-.73 23.31l21.17 21.17c6.53 6.53 17.21 6.19 23.31-.73l11.43-12.95c30.2 23.06 66.35 38.58 105.84 43.86L225.06 495c-.58 9.21 6.74 17 15.97 17h29.94c9.23 0 16.54-7.79 15.97-17l-1.08-17.22c39.49-5.27 75.64-20.79 105.84-43.86l11.43 12.95c6.11 6.92 16.79 7.25 23.31.73l21.17-21.17c6.53-6.53 6.19-17.21-.73-23.31l-12.95-11.43c23.06-30.2 38.58-66.35 43.86-105.83l17.22 1.08c9.21.58 17-6.74 17-15.97v-29.94c-.01-9.23-7.8-16.54-17.01-15.97zM281.84 98.61c24.81 4.07 47.63 13.66 67.23 27.78l-42.62 48.29c-8.73-5.44-18.32-9.54-28.62-11.95l4.01-64.12zm-51.68 0l4.01 64.12c-10.29 2.41-19.89 6.52-28.62 11.95l-42.62-48.29c19.6-14.12 42.42-23.71 67.23-27.78zm-103.77 64.33l48.3 42.61c-5.44 8.73-9.54 18.33-11.96 28.62l-64.12-4.01c4.07-24.81 13.66-47.62 27.78-67.22zm-27.78 118.9l64.12-4.01c2.41 10.29 6.52 19.89 11.95 28.62l-48.29 42.62c-14.12-19.6-23.71-42.42-27.78-67.23zm131.55 131.55c-24.81-4.07-47.63-13.66-67.23-27.78l42.61-48.3c8.73 5.44 18.33 9.54 28.62 11.96l-4 64.12zM256 288c-17.67 0-32-14.33-32-32s14.33-32 32-32 32 14.33 32 32-14.33 32-32 32zm25.84 125.39l-4.01-64.12c10.29-2.41 19.89-6.52 28.62-11.96l42.61 48.3c-19.6 14.12-42.41 23.71-67.22 27.78zm103.77-64.33l-48.29-42.62c5.44-8.73 9.54-18.32 11.95-28.62l64.12 4.01c-4.07 24.82-13.66 47.64-27.78 67.23zm-36.34-114.89c-2.41-10.29-6.52-19.89-11.96-28.62l48.3-42.61c14.12 19.6 23.71 42.42 27.78 67.23l-64.12 4z\"><\/path><\/svg>\t\t\t\t<\/span>\n\t\t\t<\/div>\n\t\t\t\n\t\t\t\t\t\t<div class=\"elementor-icon-box-content\">\n\n\t\t\t\t\t\t\t\t\t<p class=\"elementor-icon-box-title\">\n\t\t\t\t\t\t<span  >\n\t\t\t\t\t\t\tSkipper required\t\t\t\t\t\t<\/span>\n\t\t\t\t\t<\/p>\n\t\t\t\t\n\t\t\t\t\n\t\t\t<\/div>\n\t\t\t\n\t\t<\/div>\n\t\t\t\t\t\t<\/div>\n\t\t\t\t<\/div>\n\t\t\t\t<\/div>\n\t\t<div class=\"elementor-element elementor-element-1e7228d e-grid e-con-full e-con e-child\" data-id=\"1e7228d\" data-element_type=\"container\">\n\t\t\t\t<div class=\"elementor-element elementor-element-d03f094 elementor-align-center elementor-widget elementor-widget-button\" data-id=\"d03f094\" data-element_type=\"widget\" data-widget_type=\"button.default\">\n\t\t\t\t<div class=\"elementor-widget-container\">\n\t\t\t\t\t\t\t\t\t<div class=\"elementor-button-wrapper\">\n\t\t\t\t\t<a class=\"elementor-button elementor-button-link elementor-size-sm\" href=\"https:\/\/wa.me\/34680413330?text=Estamos%20interesados%20en%20la%20experiencia%20para%201%20semana\">\n\t\t\t\t\t\t<span class=\"elementor-button-content-wrapper\">\n\t\t\t\t\t\t<span class=\"elementor-button-icon\">\n\t\t\t\t<svg aria-hidden=\"true\" class=\"e-font-icon-svg e-fab-whatsapp\" viewbox=\"0 0 448 512\" xmlns=\"http:\/\/www.w3.org\/2000\/svg\"><path d=\"M380.9 97.1C339 55.1 283.2 32 223.9 32c-122.4 0-222 99.6-222 222 0 39.1 10.2 77.3 29.6 111L0 480l117.7-30.9c32.4 17.7 68.9 27 106.1 27h.1c122.3 0 224.1-99.6 224.1-222 0-59.3-25.2-115-67.1-157zm-157 341.6c-33.2 0-65.7-8.9-94-25.7l-6.7-4-69.8 18.3L72 359.2l-4.4-7c-18.5-29.4-28.2-63.3-28.2-98.2 0-101.7 82.8-184.5 184.6-184.5 49.3 0 95.6 19.2 130.4 54.1 34.8 34.9 56.2 81.2 56.1 130.5 0 101.8-84.9 184.6-186.6 184.6zm101.2-138.2c-5.5-2.8-32.8-16.2-37.9-18-5.1-1.9-8.8-2.8-12.5 2.8-3.7 5.6-14.3 18-17.6 21.8-3.2 3.7-6.5 4.2-12 1.4-32.6-16.3-54-29.1-75.5-66-5.7-9.8 5.7-9.1 16.3-30.3 1.8-3.7.9-6.9-.5-9.7-1.4-2.8-12.5-30.1-17.1-41.2-4.5-10.8-9.1-9.3-12.5-9.5-3.2-.2-6.9-.2-10.6-.2-3.7 0-9.7 1.4-14.8 6.9-5.1 5.6-19.4 19-19.4 46.3 0 27.3 19.9 53.7 22.6 57.4 2.8 3.7 39.1 59.7 94.8 83.8 35.2 15.2 49 16.5 66.6 13.9 10.7-1.6 32.8-13.4 37.4-26.4 4.6-13 4.6-24.1 3.2-26.4-1.3-2.5-5-3.9-10.5-6.6z\"><\/path><\/svg>\t\t\t<\/span>\n\t\t\t\t\t\t\t\t\t<span class=\"elementor-button-text\">WhatsApp<\/span>\n\t\t\t\t\t<\/span>\n\t\t\t\t\t<\/a>\n\t\t\t\t<\/div>\n\t\t\t\t\t\t\t\t<\/div>\n\t\t\t\t<\/div>\n\t\t\t\t<div class=\"elementor-element elementor-element-04c66c4 elementor-align-center elementor-widget elementor-widget-button\" data-id=\"04c66c4\" data-element_type=\"widget\" data-widget_type=\"button.default\">\n\t\t\t\t<div class=\"elementor-widget-container\">\n\t\t\t\t\t\t\t\t\t<div class=\"elementor-button-wrapper\">\n\t\t\t\t\t<a class=\"elementor-button elementor-button-link elementor-size-sm\" href=\"tel:\u202d+34680413330\">\n\t\t\t\t\t\t<span class=\"elementor-button-content-wrapper\">\n\t\t\t\t\t\t<span class=\"elementor-button-icon\">\n\t\t\t\t<svg aria-hidden=\"true\" class=\"e-font-icon-svg e-fas-phone-alt\" viewbox=\"0 0 512 512\" xmlns=\"http:\/\/www.w3.org\/2000\/svg\"><path d=\"M497.39 361.8l-112-48a24 24 0 0 0-28 6.9l-49.6 60.6A370.66 370.66 0 0 1 130.6 204.11l60.6-49.6a23.94 23.94 0 0 0 6.9-28l-48-112A24.16 24.16 0 0 0 122.6.61l-104 24A24 24 0 0 0 0 48c0 256.5 207.9 464 464 464a24 24 0 0 0 23.4-18.6l24-104a24.29 24.29 0 0 0-14.01-27.6z\"><\/path><\/svg>\t\t\t<\/span>\n\t\t\t\t\t\t\t\t\t<span class=\"elementor-button-text\">Phone<\/span>\n\t\t\t\t\t<\/span>\n\t\t\t\t\t<\/a>\n\t\t\t\t<\/div>\n\t\t\t\t\t\t\t\t<\/div>\n\t\t\t\t<\/div>\n\t\t\t\t<\/div>\n\t\t\t\t<\/div>\n\t\t<div class=\"elementor-element elementor-element-9538742 e-grid e-con-full e-con e-child\" data-id=\"9538742\" data-element_type=\"container\">\n\t\t\t\t<\/div>\n\t\t\t\t<\/div>\n\t\t\t\t<\/div>\n\t\t\t\t<div class=\"elementor-element elementor-element-fc3ad6f elementor-widget-divider--view-line elementor-widget elementor-widget-divider\" data-id=\"fc3ad6f\" data-element_type=\"widget\" data-widget_type=\"divider.default\">\n\t\t\t\t<div class=\"elementor-widget-container\">\n\t\t\t\t\t\t\t<div class=\"elementor-divider\">\n\t\t\t<span class=\"elementor-divider-separator\">\n\t\t\t\t\t\t<\/span>\n\t\t<\/div>\n\t\t\t\t\t\t<\/div>\n\t\t\t\t<\/div>\n\t\t\t\t\t<\/div>\n\t\t\t\t<\/div>\n\t\t<div class=\"elementor-element elementor-element-ad0a71a e-flex e-con-boxed e-con e-parent\" data-id=\"ad0a71a\" data-element_type=\"container\">\n\t\t\t\t\t<div class=\"e-con-inner\">\n\t\t<div class=\"elementor-element elementor-element-5292e52 e-con-full e-flex e-con e-child\" data-id=\"5292e52\" data-element_type=\"container\">\n\t\t<div class=\"elementor-element elementor-element-51a4fbf e-con-full e-flex e-con e-child\" data-id=\"51a4fbf\" data-element_type=\"container\">\n\t\t<div class=\"elementor-element elementor-element-0c9412c e-con-full e-flex e-con e-child\" data-id=\"0c9412c\" data-element_type=\"container\">\n\t\t\t\t<div class=\"elementor-element elementor-element-aea7cf6 elementor-widget elementor-widget-heading\" data-id=\"aea7cf6\" data-element_type=\"widget\" data-widget_type=\"heading.default\">\n\t\t\t\t<div class=\"elementor-widget-container\">\n\t\t\t\t\t<h2 class=\"elementor-heading-title elementor-size-default\">Nyas Coca!<\/h2>\t\t\t\t<\/div>\n\t\t\t\t<\/div>\n\t\t\t\t<div class=\"elementor-element elementor-element-e8b239d elementor-widget elementor-widget-text-editor\" data-id=\"e8b239d\" data-element_type=\"widget\" data-widget_type=\"text-editor.default\">\n\t\t\t\t<div class=\"elementor-widget-container\">\n\t\t\t\t\t\t\t\t\t<p><span style=\"font-family: calibri; font-size: 14pt;\">We also offer an exclusive food delivery service directly to your boat.<\/span><\/p><p><span style=\"font-family: calibri; font-size: 14pt;\">Enjoy delicious meals without worrying. Relax and let us and Nyas Coca take care of the rest.<\/span><\/p><p><span style=\"font-family: calibri; font-size: 14pt;\"><strong>How does it work?<\/strong><\/span><\/p><ol><li><span style=\"font-family: calibri; font-size: 14pt;\"><strong>Place your order:<\/strong> Choose your favorite Nyas Coca menu.<\/span><\/li><li><span style=\"font-family: calibri; font-size: 14pt;\"><strong>We deliver:<\/strong> You will receive your food directly on your boat while enjoying the sea.<\/span><\/li><\/ol><p style=\"text-align: center;\"><span style=\"font-family: calibri; font-size: 14pt;\"><strong>It's that easy!<\/strong><\/span><\/p>\t\t\t\t\t\t\t\t<\/div>\n\t\t\t\t<\/div>\n\t\t\t\t<div class=\"elementor-element elementor-element-8eb3ea4 elementor-widget elementor-widget-text-editor\" data-id=\"8eb3ea4\" data-element_type=\"widget\" data-widget_type=\"text-editor.default\">\n\t\t\t\t<div class=\"elementor-widget-container\">\n\t\t\t\t\t\t\t\t\t<div lang=\"ES\" style=\"overflow-wrap: break-word;\"><div style=\"page: WordSection1;\"><p style=\"margin: 0cm; font-size: 12pt; font-family: Aptos, sans-serif;\"><span style=\"font-size: 14pt; font-family: calibri;\">Learn about the different menu options below:<\/span><\/p><\/div><\/div>\t\t\t\t\t\t\t\t<\/div>\n\t\t\t\t<\/div>\n\t\t\t\t<\/div>\n\t\t\t\t<\/div>\n\t\t\t\t<\/div>\n\t\t<div class=\"elementor-element elementor-element-4fbe748 e-con-full e-flex e-con e-child\" data-id=\"4fbe748\" data-element_type=\"container\">\n\t\t\t\t<div class=\"elementor-element elementor-element-7ac74db elementor-widget elementor-widget-image\" data-id=\"7ac74db\" data-element_type=\"widget\" data-widget_type=\"image.default\">\n\t\t\t\t<div class=\"elementor-widget-container\">\n\t\t\t\t\t\t\t\t\t\t\t\t\t\t\t\t<a href=\"https:\/\/sportnauticcharter.com\/wp-content\/uploads\/2024\/06\/SPORT-NAUTIC-Charter-Nyas-coca_1-scaled.jpeg\" data-elementor-open-lightbox=\"yes\" data-elementor-lightbox-title=\"SPORT NAUTIC Charter - Nyas coca_1\" data-e-action-hash=\"#elementor-action%3Aaction%3Dlightbox%26settings%3DeyJpZCI6NTQ3LCJ1cmwiOiJodHRwczpcL1wvc3BvcnRuYXV0aWNjaGFydGVyLmNvbVwvd3AtY29udGVudFwvdXBsb2Fkc1wvMjAyNFwvMDZcL1NQT1JULU5BVVRJQy1DaGFydGVyLU55YXMtY29jYV8xLXNjYWxlZC5qcGVnIn0%3D\">\n\t\t\t\t\t\t\t<img fetchpriority=\"high\" decoding=\"async\" width=\"683\" height=\"1024\" src=\"https:\/\/sportnauticcharter.com\/wp-content\/uploads\/2024\/06\/SPORT-NAUTIC-Charter-Nyas-coca_1-683x1024.jpeg\" class=\"attachment-large size-large wp-image-547\" alt=\"\" srcset=\"https:\/\/sportnauticcharter.com\/wp-content\/uploads\/2024\/06\/SPORT-NAUTIC-Charter-Nyas-coca_1-683x1024.jpeg 683w, https:\/\/sportnauticcharter.com\/wp-content\/uploads\/2024\/06\/SPORT-NAUTIC-Charter-Nyas-coca_1-200x300.jpeg 200w, https:\/\/sportnauticcharter.com\/wp-content\/uploads\/2024\/06\/SPORT-NAUTIC-Charter-Nyas-coca_1-768x1152.jpeg 768w, https:\/\/sportnauticcharter.com\/wp-content\/uploads\/2024\/06\/SPORT-NAUTIC-Charter-Nyas-coca_1-1024x1536.jpeg 1024w, https:\/\/sportnauticcharter.com\/wp-content\/uploads\/2024\/06\/SPORT-NAUTIC-Charter-Nyas-coca_1-1365x2048.jpeg 1365w, https:\/\/sportnauticcharter.com\/wp-content\/uploads\/2024\/06\/SPORT-NAUTIC-Charter-Nyas-coca_1-scaled.jpeg 1707w\" sizes=\"(max-width: 683px) 100vw, 683px\" \/>\t\t\t\t\t\t\t\t<\/a>\n\t\t\t\t\t\t\t\t\t\t\t\t\t\t\t<\/div>\n\t\t\t\t<\/div>\n\t\t\t\t<div class=\"elementor-element elementor-element-3b4b196 elementor-widget elementor-widget-image\" data-id=\"3b4b196\" data-element_type=\"widget\" data-widget_type=\"image.default\">\n\t\t\t\t<div class=\"elementor-widget-container\">\n\t\t\t\t\t\t\t\t\t\t\t\t\t\t\t\t<a href=\"https:\/\/sportnauticcharter.com\/wp-content\/uploads\/2025\/01\/Experiencias-SPORT-NAUTIC-Charter-Nyas-Coca1-scaled.webp\" data-elementor-open-lightbox=\"yes\" data-elementor-lightbox-title=\"Experiencias - SPORT NAUTIC Charter - Nyas Coca1\" data-e-action-hash=\"#elementor-action%3Aaction%3Dlightbox%26settings%3DeyJpZCI6OTA3LCJ1cmwiOiJodHRwczpcL1wvc3BvcnRuYXV0aWNjaGFydGVyLmNvbVwvd3AtY29udGVudFwvdXBsb2Fkc1wvMjAyNVwvMDFcL0V4cGVyaWVuY2lhcy1TUE9SVC1OQVVUSUMtQ2hhcnRlci1OeWFzLUNvY2ExLXNjYWxlZC53ZWJwIn0%3D\">\n\t\t\t\t\t\t\t<img decoding=\"async\" width=\"1024\" height=\"322\" src=\"https:\/\/sportnauticcharter.com\/wp-content\/uploads\/2025\/01\/Experiencias-SPORT-NAUTIC-Charter-Nyas-Coca1-1024x322.webp\" class=\"attachment-large size-large wp-image-907\" alt=\"\" srcset=\"https:\/\/sportnauticcharter.com\/wp-content\/uploads\/2025\/01\/Experiencias-SPORT-NAUTIC-Charter-Nyas-Coca1-1024x322.webp 1024w, https:\/\/sportnauticcharter.com\/wp-content\/uploads\/2025\/01\/Experiencias-SPORT-NAUTIC-Charter-Nyas-Coca1-300x94.webp 300w, https:\/\/sportnauticcharter.com\/wp-content\/uploads\/2025\/01\/Experiencias-SPORT-NAUTIC-Charter-Nyas-Coca1-768x242.webp 768w, https:\/\/sportnauticcharter.com\/wp-content\/uploads\/2025\/01\/Experiencias-SPORT-NAUTIC-Charter-Nyas-Coca1-1536x484.webp 1536w, https:\/\/sportnauticcharter.com\/wp-content\/uploads\/2025\/01\/Experiencias-SPORT-NAUTIC-Charter-Nyas-Coca1-2048x645.webp 2048w\" sizes=\"(max-width: 1024px) 100vw, 1024px\" \/>\t\t\t\t\t\t\t\t<\/a>\n\t\t\t\t\t\t\t\t\t\t\t\t\t\t\t<\/div>\n\t\t\t\t<\/div>\n\t\t\t\t<\/div>\n\t\t\t\t\t<\/div>\n\t\t\t\t<\/div>\n\t\t<div class=\"elementor-element elementor-element-f26f586 e-flex e-con-boxed e-con e-parent\" data-id=\"f26f586\" data-element_type=\"container\">\n\t\t\t\t\t<div class=\"e-con-inner\">\n\t\t\t\t<div class=\"elementor-element elementor-element-efb5466 elementor-align-center elementor-widget elementor-widget-button\" data-id=\"efb5466\" data-element_type=\"widget\" data-widget_type=\"button.default\">\n\t\t\t\t<div class=\"elementor-widget-container\">\n\t\t\t\t\t\t\t\t\t<div class=\"elementor-button-wrapper\">\n\t\t\t\t\t<a class=\"elementor-button elementor-button-link elementor-size-sm\" href=\"https:\/\/sportnauticcharter.com\/wp-content\/uploads\/2024\/06\/Carta-Nyas-Coca.pdf\">\n\t\t\t\t\t\t<span class=\"elementor-button-content-wrapper\">\n\t\t\t\t\t\t\t\t\t<span class=\"elementor-button-text\">Full menu<\/span>\n\t\t\t\t\t<\/span>\n\t\t\t\t\t<\/a>\n\t\t\t\t<\/div>\n\t\t\t\t\t\t\t\t<\/div>\n\t\t\t\t<\/div>\n\t\t\t\t<div class=\"elementor-element elementor-element-b5e7a67 elementor-widget-divider--view-line elementor-widget elementor-widget-divider\" data-id=\"b5e7a67\" data-element_type=\"widget\" data-widget_type=\"divider.default\">\n\t\t\t\t<div class=\"elementor-widget-container\">\n\t\t\t\t\t\t\t<div class=\"elementor-divider\">\n\t\t\t<span class=\"elementor-divider-separator\">\n\t\t\t\t\t\t<\/span>\n\t\t<\/div>\n\t\t\t\t\t\t<\/div>\n\t\t\t\t<\/div>\n\t\t\t\t\t<\/div>\n\t\t\t\t<\/div>\n\t\t<div class=\"elementor-element elementor-element-68f4237 e-flex e-con-boxed e-con e-parent\" data-id=\"68f4237\" data-element_type=\"container\">\n\t\t\t\t\t<div class=\"e-con-inner\">\n\t\t\t\t<div class=\"elementor-element elementor-element-1ad91a7 elementor-widget elementor-widget-text-editor\" data-id=\"1ad91a7\" data-element_type=\"widget\" data-widget_type=\"text-editor.default\">\n\t\t\t\t<div class=\"elementor-widget-container\">\n\t\t\t\t\t\t\t\t\t<p style=\"text-align: center;\"><span style=\"font-family: calibri; font-size: 18pt;\">Do you need more information? Do not hesitate to contact us<\/span><\/p>\n<p style=\"text-align: center;\"><span style=\"font-family: calibri; font-size: 18pt;\">Mail: <a href=\"mailto:denia@sportnautic.com\">denia@sportnautic.com<\/a> | Phone: <a href=\"tel:\u202d34680413330\">+34 680 413 330<\/a> | <a href=\"https:\/\/wa.me\/34680413330\">WhatsApp<\/a><\/span><\/p>\t\t\t\t\t\t\t\t<\/div>\n\t\t\t\t<\/div>\n\t\t\t\t\t<\/div>\n\t\t\t\t<\/div>\n\t\t\t\t<\/div>","protected":false},"excerpt":{"rendered":"<p>\u00abRumbo al Mar: Disfruta de Cada Momento del D\u00eda\u00bb EXPERIENCIA SEMANA \u00a1Descubre Formentera e Ibiza en una semana de ensue\u00f1o!\u00a0 Emb\u00e1rcate en una traves\u00eda \u00fanica por las islas m\u00e1s emblem\u00e1ticas del Mediterr\u00e1neo. Explora las espectaculares aguas de Formentera, rel\u00e1jate en sus playas v\u00edrgenes y siente la energ\u00eda vibrante de Ibiza. Cada d\u00eda ser\u00e1 una mezcla [&hellip;]<\/p>\n","protected":false},"author":1,"featured_media":0,"parent":0,"menu_order":0,"comment_status":"closed","ping_status":"closed","template":"","meta":{"site-sidebar-layout":"no-sidebar","site-content-layout":"page-builder","ast-site-content-layout":"full-width-container","site-content-style":"default","site-sidebar-style":"default","ast-global-header-display":"","ast-banner-title-visibility":"","ast-main-header-display":"","ast-hfb-above-header-display":"","ast-hfb-below-header-display":"","ast-hfb-mobile-header-display":"","site-post-title":"disabled","ast-breadcrumbs-content":"","ast-featured-img":"disabled","footer-sml-layout":"","theme-transparent-header-meta":"default","adv-header-id-meta":"","stick-header-meta":"","header-above-stick-meta":"","header-main-stick-meta":"","header-below-stick-meta":"","astra-migrate-meta-layouts":"default","ast-page-background-enabled":"default","ast-page-background-meta":{"desktop":{"background-color":"var(--ast-global-color-4)","background-image":"","background-repeat":"repeat","background-position":"center center","background-size":"auto","background-attachment":"scroll","background-type":"","background-media":"","overlay-type":"","overlay-color":"","overlay-opacity":"","overlay-gradient":""},"tablet":{"background-color":"","background-image":"","background-repeat":"repeat","background-position":"center center","background-size":"auto","background-attachment":"scroll","background-type":"","background-media":"","overlay-type":"","overlay-color":"","overlay-opacity":"","overlay-gradient":""},"mobile":{"background-color":"","background-image":"","background-repeat":"repeat","background-position":"center center","background-size":"auto","background-attachment":"scroll","background-type":"","background-media":"","overlay-type":"","overlay-color":"","overlay-opacity":"","overlay-gradient":""}},"ast-content-background-meta":{"desktop":{"background-color":"var(--ast-global-color-5)","background-image":"","background-repeat":"repeat","background-position":"center center","background-size":"auto","background-attachment":"scroll","background-type":"","background-media":"","overlay-type":"","overlay-color":"","overlay-opacity":"","overlay-gradient":""},"tablet":{"background-color":"var(--ast-global-color-5)","background-image":"","background-repeat":"repeat","background-position":"center center","background-size":"auto","background-attachment":"scroll","background-type":"","background-media":"","overlay-type":"","overlay-color":"","overlay-opacity":"","overlay-gradient":""},"mobile":{"background-color":"var(--ast-global-color-5)","background-image":"","background-repeat":"repeat","background-position":"center center","background-size":"auto","background-attachment":"scroll","background-type":"","background-media":"","overlay-type":"","overlay-color":"","overlay-opacity":"","overlay-gradient":""}},"ngg_post_thumbnail":0,"footnotes":""},"class_list":["post-914","page","type-page","status-publish","hentry"],"_links":{"self":[{"href":"https:\/\/sportnauticcharter.com\/en\/wp-json\/wp\/v2\/pages\/914","targetHints":{"allow":["GET"]}}],"collection":[{"href":"https:\/\/sportnauticcharter.com\/en\/wp-json\/wp\/v2\/pages"}],"about":[{"href":"https:\/\/sportnauticcharter.com\/en\/wp-json\/wp\/v2\/types\/page"}],"author":[{"embeddable":true,"href":"https:\/\/sportnauticcharter.com\/en\/wp-json\/wp\/v2\/users\/1"}],"replies":[{"embeddable":true,"href":"https:\/\/sportnauticcharter.com\/en\/wp-json\/wp\/v2\/comments?post=914"}],"version-history":[{"count":208,"href":"https:\/\/sportnauticcharter.com\/en\/wp-json\/wp\/v2\/pages\/914\/revisions"}],"predecessor-version":[{"id":1873,"href":"https:\/\/sportnauticcharter.com\/en\/wp-json\/wp\/v2\/pages\/914\/revisions\/1873"}],"wp:attachment":[{"href":"https:\/\/sportnauticcharter.com\/en\/wp-json\/wp\/v2\/media?parent=914"}],"curies":[{"name":"wp","href":"https:\/\/api.w.org\/{rel}","templated":true}]}}