{"id":6,"date":"2022-05-16T07:59:10","date_gmt":"2022-05-16T07:59:10","guid":{"rendered":"https:\/\/40277312.servicio-online.net\/?page_id=6"},"modified":"2026-04-09T10:16:17","modified_gmt":"2026-04-09T10:16:17","slug":"inicio","status":"publish","type":"page","link":"https:\/\/sportnauticcharter.com\/en\/","title":{"rendered":"Home"},"content":{"rendered":"<div data-vc-full-width=\"true\" data-vc-full-width-init=\"false\" data-vc-stretch-content=\"true\" class=\"vc_row wpb_row vc_row-fluid vc_row-o-content-middle vc_row-flex\"><div class=\"wpb_column vc_column_container vc_col-sm-12\"><div class=\"vc_column-inner\"><div class=\"wpb_wrapper\">\n\t\t\t<!-- START Inicio (ES) REVOLUTION SLIDER 6.5.17 --><p class=\"rs-p-wp-fix\"><\/p>\n\t\t\t<rs-module-wrap id=\"rev_slider_7_1_wrapper\" data-source=\"gallery\" style=\"visibility:hidden;background:transparent;padding:0;margin:0px auto;margin-top:0;margin-bottom:0;\">\n\t\t\t\t<rs-module id=\"rev_slider_7_1\" style=\"\" data-version=\"6.5.17\">\n\t\t\t\t\t<rs-slides>\n\t\t\t\t\t\t<rs-slide style=\"position: absolute;\" data-key=\"rs-10\" data-title=\"140 aniversario Beneteau\" data-in=\"o:0;\" data-out=\"a:false;\">\n\t\t\t\t\t\t\t<img fetchpriority=\"high\" decoding=\"async\" src=\"\/\/sportnauticcharter.com\/wp-content\/plugins\/revslider\/public\/assets\/assets\/dummy.png\" alt=\"\" title=\"Video-medvolt-club_10.jpeg\" width=\"1920\" height=\"1080\" class=\"rev-slidebg tp-rs-img rs-lazyload\" data-lazyload=\"\/\/sportnauticcharter.com\/wp-content\/uploads\/revslider\/video-media\/Video-medvolt-club_10.jpeg\" data-no-retina>\n\t\t\t\t\t\t\t<rs-bgvideo \n\t\t\t\t\t\t\t\tdata-video=\"w:100%;h:100%;nse:false;l:true;ptimer:false;vfc:true;\"\n\t\t\t\t\t\t\t\tdata-mp4=\"\/\/sportnauticcharter.com\/wp-content\/uploads\/2025\/02\/Video-medvolt-club.mp4\"\n\t\t\t\t\t\t\t><\/rs-bgvideo>\n<!--\n\t\t\t\t\t\t\t--><rs-layer\n\t\t\t\t\t\t\t\tid=\"slider-7-slide-10-layer-1\" \n\t\t\t\t\t\t\t\tclass=\"rev-btn\"\n\t\t\t\t\t\t\t\tdata-type=\"button\"\n\t\t\t\t\t\t\t\tdata-color=\"#000000\"\n\t\t\t\t\t\t\t\tdata-rsp_ch=\"on\"\n\t\t\t\t\t\t\t\tdata-xy=\"x:r;xo:150px;y:c;yo:250px;\"\n\t\t\t\t\t\t\t\tdata-text=\"w:normal;s:39;l:75;fw:500;a:center;\"\n\t\t\t\t\t\t\t\tdata-dim=\"w:322px;h:75px;minh:0;\"\n\t\t\t\t\t\t\t\tdata-actions='id:EmbarcacionesAlquiler;o:click;a:scrollto;sp:1000ms;e:power1.inOut;'\n\t\t\t\t\t\t\t\tdata-padding=\"r:47;l:47;\"\n\t\t\t\t\t\t\t\tdata-border=\"bor:16px,16px,16px,16px;\"\n\t\t\t\t\t\t\t\tdata-frame_999=\"o:0;st:w;\"\n\t\t\t\t\t\t\t\tdata-frame_hover=\"c:#fff;bgc:#000;bor:16px,16px,16px,16px;\"\n\t\t\t\t\t\t\t\tstyle=\"z-index:8;background-color:rgba(255,255,255,1);font-family:'calibri';\"\n\t\t\t\t\t\t\t>Alquiler \n\t\t\t\t\t\t\t<\/rs-layer><!--\n\n\t\t\t\t\t\t\t--><a\n\t\t\t\t\t\t\t\tid=\"slider-7-slide-10-layer-7\" \n\t\t\t\t\t\t\t\tclass=\"rs-layer rev-btn\"\n\t\t\t\t\t\t\t\thref=\"https:\/\/sportnauticcharter.com\/experiencias\/\" target=\"_self\"\n\t\t\t\t\t\t\t\tdata-type=\"button\"\n\t\t\t\t\t\t\t\tdata-color=\"#000000\"\n\t\t\t\t\t\t\t\tdata-rsp_ch=\"on\"\n\t\t\t\t\t\t\t\tdata-xy=\"x:150px;y:c;yo:250px;\"\n\t\t\t\t\t\t\t\tdata-text=\"w:normal;s:39;l:75;fw:500;a:center;\"\n\t\t\t\t\t\t\t\tdata-dim=\"w:322px;h:75px;minh:0;\"\n\t\t\t\t\t\t\t\tdata-padding=\"r:47;l:47;\"\n\t\t\t\t\t\t\t\tdata-border=\"bor:16px,16px,16px,16px;\"\n\t\t\t\t\t\t\t\tdata-frame_999=\"o:0;st:w;\"\n\t\t\t\t\t\t\t\tdata-frame_hover=\"c:#fff;bgc:#000;bor:16px,16px,16px,16px;\"\n\t\t\t\t\t\t\t\tstyle=\"z-index:8;background-color:rgba(255,255,255,1);font-family:'calibri';\"\n\t\t\t\t\t\t\t>Experiencias \n\t\t\t\t\t\t\t<\/a><!--\n-->\t\t\t\t\t\t<\/rs-slide>\n\t\t\t\t\t<\/rs-slides>\n\t\t\t\t\t<rs-static-layers><!--\n\t\t\t\t\t--><\/rs-static-layers>\n\t\t\t\t<\/rs-module>\n\t\t\t\t<script>\n\t\t\t\t\tsetREVStartSize({c: 'rev_slider_7_1',rl:[1240,1024,778,480],el:[900],gw:[1240],gh:[900],type:'standard',justify:'',layout:'fullwidth',mh:\"0\"});if (window.RS_MODULES!==undefined && window.RS_MODULES.modules!==undefined && window.RS_MODULES.modules[\"revslider71\"]!==undefined) {window.RS_MODULES.modules[\"revslider71\"].once = false;window.revapi7 = undefined;if (window.RS_MODULES.checkMinimal!==undefined) window.RS_MODULES.checkMinimal()}\n\t\t\t\t<\/script>\n\t\t\t<\/rs-module-wrap>\n\t\t\t<!-- END REVOLUTION SLIDER -->\n<\/div><\/div><\/div><\/div><div class=\"vc_row-full-width vc_clearfix\"><\/div><div data-vc-full-width=\"true\" data-vc-full-width-init=\"false\" class=\"vc_row wpb_row vc_row-fluid\"><div class=\"wpb_column vc_column_container vc_col-sm-12\"><div class=\"vc_column-inner\"><div class=\"wpb_wrapper\"><div class=\"vc_empty_space\"   style=\"height: 60px\"><span class=\"vc_empty_space_inner\"><\/span><\/div><\/div><\/div><\/div><\/div><div class=\"vc_row-full-width vc_clearfix\"><\/div><div data-vc-full-width=\"true\" data-vc-full-width-init=\"false\" class=\"vc_row wpb_row vc_row-fluid\"><div class=\"wpb_column vc_column_container vc_col-sm-12\"><div class=\"vc_column-inner\"><div class=\"wpb_wrapper\"><div class=\"vc_row wpb_row vc_inner vc_row-fluid vc_row-o-equal-height vc_row-o-content-middle vc_row-flex\"><div class=\"wpb_column vc_column_container vc_col-sm-6\"><div class=\"vc_column-inner\"><div class=\"wpb_wrapper\">\n\t<div class=\"wpb_text_column wpb_content_element \" >\n\t\t<div class=\"wpb_wrapper\">\n\t\t\t<div class=\"elementor-element elementor-element-77c36973 elementor-widget elementor-widget-heading\" data-id=\"77c36973\" data-element_type=\"widget\" data-widget_type=\"heading.default\">\n<div class=\"elementor-widget-container\">\n<h2 class=\"elementor-heading-title elementor-size-default\"><span style=\"font-family: calibri;\">NOS ENCANTA DISFRUTAR DE LA VIDA EN BARCO<\/span><\/h2>\n<p>&nbsp;<\/p>\n<\/div>\n<\/div>\n<div class=\"elementor-element elementor-element-47f7a762 elementor-widget elementor-widget-text-editor\" data-id=\"47f7a762\" data-element_type=\"widget\" data-widget_type=\"text-editor.default\">\n<div class=\"elementor-widget-container\">\n<h5><span style=\"font-family: calibri;\">\u00bfPor qu\u00e9 alquilar un barco en Denia o Valencia?<\/span><\/h5>\n<p>&nbsp;<\/p>\n<\/div>\n<p class=\"p1\" style=\"text-align: justify;\"><span style=\"font-family: calibri;\">Denia y Valencia son dos joyas de la Comunidad Valenciana, cada una con su propio encanto, pero ambas unidas por el Mediterr\u00e1neo. Denia, situada al norte de la provincia de Alicante, es conocida por su rica historia, su castillo con impresionantes vistas y sus 20 kil\u00f3metros de playas de arena fina. Adem\u00e1s, fue declarada Ciudad Creativa de la Gastronom\u00eda por la UNESCO en 2015, lo que garantiza una experiencia culinaria inolvidable. Desde su puerto deportivo, puedes explorar la costa en barco y descubrir calas escondidas y paisajes \u00fanicos.<\/span><\/p>\n<p class=\"p1\" style=\"text-align: justify;\"><span style=\"font-family: calibri;\">Por otro lado, Valencia, la vibrante capital de la regi\u00f3n, combina tradici\u00f3n y modernidad. Desde su impresionante Ciudad de las Artes y las Ciencias hasta su casco antiguo lleno de historia, Valencia es un destino que lo tiene todo. Sus playas urbanas, como la Malvarrosa, son perfectas para disfrutar del sol, mientras que su puerto deportivo es ideal para iniciar una aventura n\u00e1utica.<\/span><\/p>\n<p class=\"p1\" style=\"text-align: justify;\"><span style=\"font-family: calibri;\">Ya sea que desees descubrir las calas de Denia o navegar por las aguas de Valencia, ofrecemos opciones de alquiler de barcos en ambas localidades. \u00a1Cont\u00e1ctanos y vive el Mediterr\u00e1neo desde una perspectiva \u00fanica!<\/span><\/p>\n<\/div>\n\n\t\t<\/div>\n\t<\/div>\n<\/div><\/div><\/div><div class=\"wpb_column vc_column_container vc_col-sm-6\"><div class=\"vc_column-inner\"><div class=\"wpb_wrapper\">\n\t<div  class=\"wpb_single_image wpb_content_element vc_align_center\">\n\t\t\n\t\t<figure class=\"wpb_wrapper vc_figure\">\n\t\t\t<div class=\"vc_single_image-wrapper   vc_box_border_grey\"><img decoding=\"async\" width=\"1810\" height=\"2560\" src=\"https:\/\/sportnauticcharter.com\/wp-content\/uploads\/2025\/01\/SPORT-NAUTIC-Charter-_-Inicio-1-scaled.webp\" class=\"vc_single_image-img attachment-full\" alt=\"\" srcset=\"https:\/\/sportnauticcharter.com\/wp-content\/uploads\/2025\/01\/SPORT-NAUTIC-Charter-_-Inicio-1-scaled.webp 1810w, https:\/\/sportnauticcharter.com\/wp-content\/uploads\/2025\/01\/SPORT-NAUTIC-Charter-_-Inicio-1-212x300.webp 212w, https:\/\/sportnauticcharter.com\/wp-content\/uploads\/2025\/01\/SPORT-NAUTIC-Charter-_-Inicio-1-724x1024.webp 724w, https:\/\/sportnauticcharter.com\/wp-content\/uploads\/2025\/01\/SPORT-NAUTIC-Charter-_-Inicio-1-768x1086.webp 768w, https:\/\/sportnauticcharter.com\/wp-content\/uploads\/2025\/01\/SPORT-NAUTIC-Charter-_-Inicio-1-1086x1536.webp 1086w, https:\/\/sportnauticcharter.com\/wp-content\/uploads\/2025\/01\/SPORT-NAUTIC-Charter-_-Inicio-1-1448x2048.webp 1448w\" sizes=\"(max-width: 1810px) 100vw, 1810px\" \/><\/div>\n\t\t<\/figure>\n\t<\/div>\n<\/div><\/div><\/div><\/div><\/div><\/div><\/div><\/div><div class=\"vc_row-full-width vc_clearfix\"><\/div><div data-vc-full-width=\"true\" data-vc-full-width-init=\"false\" class=\"vc_row wpb_row vc_row-fluid\"><div class=\"wpb_column vc_column_container vc_col-sm-12\"><div class=\"vc_column-inner\"><div class=\"wpb_wrapper\"><div class=\"vc_row wpb_row vc_inner vc_row-fluid\"><div class=\"wpb_column vc_column_container vc_col-sm-12\" id=\"EmbarcacionesAlquiler\"><div class=\"vc_column-inner\"><div class=\"wpb_wrapper\">\n\t<div class=\"wpb_text_column wpb_content_element  vc_custom_1738774616752\" >\n\t\t<div class=\"wpb_wrapper\">\n\t\t\t<h2 class=\"elementor-heading-title elementor-size-default\" style=\"text-align: center;\"><span style=\"font-family: calibri;\">NUESTRAS EMBARCACIONES<\/span><\/h2>\n\n\t\t<\/div>\n\t<\/div>\n<\/div><\/div><\/div><\/div><div class=\"vc_row wpb_row vc_inner vc_row-fluid\"><div class=\"wpb_column vc_column_container vc_col-sm-4\"><div class=\"vc_column-inner\"><div class=\"wpb_wrapper\">\n\t<div  class=\"wpb_single_image wpb_content_element vc_align_center\">\n\t\t\n\t\t<figure class=\"wpb_wrapper vc_figure\">\n\t\t\t<a href=\"https:\/\/sportnauticcharter.com\/oceanis-yacht-54-charter-es\/\" target=\"_self\" class=\"vc_single_image-wrapper   vc_box_border_grey\"><img decoding=\"async\" width=\"1920\" height=\"1048\" src=\"https:\/\/sportnauticcharter.com\/wp-content\/uploads\/2025\/01\/Inicio-Charter-OCY-54.jpeg\" class=\"vc_single_image-img attachment-full\" alt=\"\" srcset=\"https:\/\/sportnauticcharter.com\/wp-content\/uploads\/2025\/01\/Inicio-Charter-OCY-54.jpeg 1920w, https:\/\/sportnauticcharter.com\/wp-content\/uploads\/2025\/01\/Inicio-Charter-OCY-54-300x164.jpeg 300w, https:\/\/sportnauticcharter.com\/wp-content\/uploads\/2025\/01\/Inicio-Charter-OCY-54-1024x559.jpeg 1024w, https:\/\/sportnauticcharter.com\/wp-content\/uploads\/2025\/01\/Inicio-Charter-OCY-54-768x419.jpeg 768w, https:\/\/sportnauticcharter.com\/wp-content\/uploads\/2025\/01\/Inicio-Charter-OCY-54-1536x838.jpeg 1536w\" sizes=\"(max-width: 1920px) 100vw, 1920px\" \/><\/a>\n\t\t<\/figure>\n\t<\/div>\n\n\t<div class=\"wpb_text_column wpb_content_element  vc_custom_1737732074063\" >\n\t\t<div class=\"wpb_wrapper\">\n\t\t\t<h4 class=\"elementor-heading-title elementor-size-default\" style=\"text-align: center;\"><span style=\"font-family: calibri;\">Oceanis Yacht 54<\/span><\/h4>\n\n\t\t<\/div>\n\t<\/div>\n<\/div><\/div><\/div><div class=\"wpb_column vc_column_container vc_col-sm-4\"><div class=\"vc_column-inner\"><div class=\"wpb_wrapper\">\n\t<div  class=\"wpb_single_image wpb_content_element vc_align_center\">\n\t\t\n\t\t<figure class=\"wpb_wrapper vc_figure\">\n\t\t\t<a href=\"https:\/\/sportnauticcharter.com\/oceanis-47-charter\/\" target=\"_self\" class=\"vc_single_image-wrapper   vc_box_border_grey\"><img loading=\"lazy\" decoding=\"async\" width=\"1920\" height=\"1080\" src=\"https:\/\/sportnauticcharter.com\/wp-content\/uploads\/2026\/02\/Oceanis-47__4.jpg\" class=\"vc_single_image-img attachment-full\" alt=\"\" srcset=\"https:\/\/sportnauticcharter.com\/wp-content\/uploads\/2026\/02\/Oceanis-47__4.jpg 1920w, https:\/\/sportnauticcharter.com\/wp-content\/uploads\/2026\/02\/Oceanis-47__4-300x169.jpg 300w, https:\/\/sportnauticcharter.com\/wp-content\/uploads\/2026\/02\/Oceanis-47__4-1024x576.jpg 1024w, https:\/\/sportnauticcharter.com\/wp-content\/uploads\/2026\/02\/Oceanis-47__4-768x432.jpg 768w, https:\/\/sportnauticcharter.com\/wp-content\/uploads\/2026\/02\/Oceanis-47__4-1536x864.jpg 1536w, https:\/\/sportnauticcharter.com\/wp-content\/uploads\/2026\/02\/Oceanis-47__4-18x10.jpg 18w\" sizes=\"(max-width: 1920px) 100vw, 1920px\" \/><\/a>\n\t\t<\/figure>\n\t<\/div>\n\n\t<div class=\"wpb_text_column wpb_content_element  vc_custom_1771600365380\" >\n\t\t<div class=\"wpb_wrapper\">\n\t\t\t<h4 class=\"elementor-heading-title elementor-size-default\" style=\"text-align: center;\"><span style=\"font-family: calibri;\">Oceanis 47<\/span><\/h4>\n\n\t\t<\/div>\n\t<\/div>\n<\/div><\/div><\/div><div class=\"wpb_column vc_column_container vc_col-sm-4\"><div class=\"vc_column-inner\"><div class=\"wpb_wrapper\">\n\t<div  class=\"wpb_single_image wpb_content_element vc_align_center\">\n\t\t\n\t\t<figure class=\"wpb_wrapper vc_figure\">\n\t\t\t<a href=\"https:\/\/sportnauticcharter.com\/gran-turismo-40-charter\/\" target=\"_self\" class=\"vc_single_image-wrapper   vc_box_border_grey\"><img loading=\"lazy\" decoding=\"async\" width=\"1920\" height=\"1080\" src=\"https:\/\/sportnauticcharter.com\/wp-content\/uploads\/2026\/04\/gran-turismo-40-exterior-design-04-1920x1080-1.jpg\" class=\"vc_single_image-img attachment-full\" alt=\"\" srcset=\"https:\/\/sportnauticcharter.com\/wp-content\/uploads\/2026\/04\/gran-turismo-40-exterior-design-04-1920x1080-1.jpg 1920w, https:\/\/sportnauticcharter.com\/wp-content\/uploads\/2026\/04\/gran-turismo-40-exterior-design-04-1920x1080-1-300x169.jpg 300w, https:\/\/sportnauticcharter.com\/wp-content\/uploads\/2026\/04\/gran-turismo-40-exterior-design-04-1920x1080-1-1024x576.jpg 1024w, https:\/\/sportnauticcharter.com\/wp-content\/uploads\/2026\/04\/gran-turismo-40-exterior-design-04-1920x1080-1-768x432.jpg 768w, https:\/\/sportnauticcharter.com\/wp-content\/uploads\/2026\/04\/gran-turismo-40-exterior-design-04-1920x1080-1-1536x864.jpg 1536w, https:\/\/sportnauticcharter.com\/wp-content\/uploads\/2026\/04\/gran-turismo-40-exterior-design-04-1920x1080-1-18x10.jpg 18w\" sizes=\"(max-width: 1920px) 100vw, 1920px\" \/><\/a>\n\t\t<\/figure>\n\t<\/div>\n\n\t<div class=\"wpb_text_column wpb_content_element  vc_custom_1775726369844\" >\n\t\t<div class=\"wpb_wrapper\">\n\t\t\t<h4 class=\"elementor-heading-title elementor-size-default\" style=\"text-align: center;\"><span style=\"font-family: calibri;\">Gran Turismo 40<\/span><\/h4>\n\n\t\t<\/div>\n\t<\/div>\n<\/div><\/div><\/div><\/div><div class=\"vc_row wpb_row vc_inner vc_row-fluid\"><div class=\"wpb_column vc_column_container vc_col-sm-3\"><div class=\"vc_column-inner\"><div class=\"wpb_wrapper\"><\/div><\/div><\/div><div class=\"wpb_column vc_column_container vc_col-sm-6\"><div class=\"vc_column-inner\"><div class=\"wpb_wrapper\"><\/div><\/div><\/div><div class=\"wpb_column vc_column_container vc_col-sm-3\"><div class=\"vc_column-inner\"><div class=\"wpb_wrapper\"><\/div><\/div><\/div><\/div><\/div><\/div><\/div><\/div><div class=\"vc_row-full-width vc_clearfix\"><\/div>\n","protected":false},"excerpt":{"rendered":"Alquiler Experiencias NOS ENCANTA DISFRUTAR DE LA VIDA EN BARCO &nbsp; \u00bfPor qu\u00e9 alquilar un barco en Denia o Valencia? &nbsp; Denia y Valencia son dos joyas de la Comunidad Valenciana, cada una con su propio encanto, pero ambas unidas por el Mediterr\u00e1neo. Denia, situada al norte de la provincia de Alicante, es conocida por [...]","protected":false},"author":1,"featured_media":0,"parent":0,"menu_order":0,"comment_status":"closed","ping_status":"closed","template":"","meta":{"site-sidebar-layout":"no-sidebar","site-content-layout":"plain-container","ast-site-content-layout":"normal-width-container","site-content-style":"unboxed","site-sidebar-style":"unboxed","ast-global-header-display":"","ast-banner-title-visibility":"","ast-main-header-display":"","ast-hfb-above-header-display":"","ast-hfb-below-header-display":"","ast-hfb-mobile-header-display":"","site-post-title":"disabled","ast-breadcrumbs-content":"","ast-featured-img":"disabled","footer-sml-layout":"","theme-transparent-header-meta":"default","adv-header-id-meta":"","stick-header-meta":"","header-above-stick-meta":"","header-main-stick-meta":"","header-below-stick-meta":"","astra-migrate-meta-layouts":"set","ast-page-background-enabled":"default","ast-page-background-meta":{"desktop":{"background-color":"var(--ast-global-color-4)","background-image":"","background-repeat":"repeat","background-position":"center center","background-size":"auto","background-attachment":"scroll","background-type":"","background-media":"","overlay-type":"","overlay-color":"","overlay-opacity":"","overlay-gradient":""},"tablet":{"background-color":"","background-image":"","background-repeat":"repeat","background-position":"center center","background-size":"auto","background-attachment":"scroll","background-type":"","background-media":"","overlay-type":"","overlay-color":"","overlay-opacity":"","overlay-gradient":""},"mobile":{"background-color":"","background-image":"","background-repeat":"repeat","background-position":"center center","background-size":"auto","background-attachment":"scroll","background-type":"","background-media":"","overlay-type":"","overlay-color":"","overlay-opacity":"","overlay-gradient":""}},"ast-content-background-meta":{"desktop":{"background-color":"var(--ast-global-color-5)","background-image":"","background-repeat":"repeat","background-position":"center center","background-size":"auto","background-attachment":"scroll","background-type":"","background-media":"","overlay-type":"","overlay-color":"","overlay-opacity":"","overlay-gradient":""},"tablet":{"background-color":"var(--ast-global-color-5)","background-image":"","background-repeat":"repeat","background-position":"center center","background-size":"auto","background-attachment":"scroll","background-type":"","background-media":"","overlay-type":"","overlay-color":"","overlay-opacity":"","overlay-gradient":""},"mobile":{"background-color":"var(--ast-global-color-5)","background-image":"","background-repeat":"repeat","background-position":"center center","background-size":"auto","background-attachment":"scroll","background-type":"","background-media":"","overlay-type":"","overlay-color":"","overlay-opacity":"","overlay-gradient":""}},"ngg_post_thumbnail":0,"footnotes":""},"class_list":["post-6","page","type-page","status-publish","hentry"],"_links":{"self":[{"href":"https:\/\/sportnauticcharter.com\/en\/wp-json\/wp\/v2\/pages\/6","targetHints":{"allow":["GET"]}}],"collection":[{"href":"https:\/\/sportnauticcharter.com\/en\/wp-json\/wp\/v2\/pages"}],"about":[{"href":"https:\/\/sportnauticcharter.com\/en\/wp-json\/wp\/v2\/types\/page"}],"author":[{"embeddable":true,"href":"https:\/\/sportnauticcharter.com\/en\/wp-json\/wp\/v2\/users\/1"}],"replies":[{"embeddable":true,"href":"https:\/\/sportnauticcharter.com\/en\/wp-json\/wp\/v2\/comments?post=6"}],"version-history":[{"count":119,"href":"https:\/\/sportnauticcharter.com\/en\/wp-json\/wp\/v2\/pages\/6\/revisions"}],"predecessor-version":[{"id":1975,"href":"https:\/\/sportnauticcharter.com\/en\/wp-json\/wp\/v2\/pages\/6\/revisions\/1975"}],"wp:attachment":[{"href":"https:\/\/sportnauticcharter.com\/en\/wp-json\/wp\/v2\/media?parent=6"}],"curies":[{"name":"wp","href":"https:\/\/api.w.org\/{rel}","templated":true}]}}